{"id":17,"date":"2025-06-20T14:10:24","date_gmt":"2025-06-20T14:10:24","guid":{"rendered":"https:\/\/tablerange.com\/?page_id=17"},"modified":"2025-06-20T14:10:24","modified_gmt":"2025-06-20T14:10:24","slug":"quienes-somos","status":"publish","type":"page","link":"https:\/\/tablerange.com\/?page_id=17","title":{"rendered":"Qui\u00e9nes somos"},"content":{"rendered":"<p>En <strong>tablerange.com<\/strong>, nos apasiona conectar a las personas con soluciones innovadoras y accesibles para sus necesidades digitales. Desde nuestros inicios, hemos trabajado para crear una plataforma confiable, \u00e1gil y vers\u00e1til, enfocada en brindar a nuestros usuarios experiencias \u00fanicas y servicios de alta calidad.<\/p>\n<p>Nuestro equipo est\u00e1 formado por profesionales apasionados y dedicados, <strong>tablerange.com<\/strong> se organiza a trav\u00e9s del SEO de esta empresa <strong>Miguel Caceres<\/strong>, siempre enfocado en brindar el mejor servicio. Creemos en la importancia de la excelencia, la atenci\u00f3n personalizada y el compromiso con cada uno de nuestros clientes.<\/p>\n<p>Si deseas conocernos mejor o tienes alguna consulta, no dudes en contactarnos:<\/p>\n<p>\ud83d\udccc <strong>Direcci\u00f3n:<\/strong> 1 #89, Santo Domingo, Rep. Dom<br \/>\n\ud83d\udcde <strong>Tel\u00e9fono:<\/strong> +1829-263-8481<br \/>\n\ud83d\udce7 <strong>Correo electr\u00f3nico:<\/strong> contacto@tablerange.com<\/p>\n<p>\u00a1Ser\u00e1 un placer atenderte y ser parte de tu proyecto!<\/p>\n","protected":false},"excerpt":{"rendered":"<p>En tablerange.com, nos apasiona conectar a las personas con soluciones innovadoras y accesibles para sus necesidades digitales. Desde nuestros inicios, hemos trabajado para crear una<\/p>\n","protected":false},"author":1,"featured_media":0,"parent":0,"menu_order":0,"comment_status":"closed","ping_status":"closed","template":"","meta":{"footnotes":""},"tags":[],"class_list":["post-17","page","type-page","status-publish","hentry"],"_links":{"self":[{"href":"https:\/\/tablerange.com\/index.php?rest_route=\/wp\/v2\/pages\/17","targetHints":{"allow":["GET"]}}],"collection":[{"href":"https:\/\/tablerange.com\/index.php?rest_route=\/wp\/v2\/pages"}],"about":[{"href":"https:\/\/tablerange.com\/index.php?rest_route=\/wp\/v2\/types\/page"}],"author":[{"embeddable":true,"href":"https:\/\/tablerange.com\/index.php?rest_route=\/wp\/v2\/users\/1"}],"replies":[{"embeddable":true,"href":"https:\/\/tablerange.com\/index.php?rest_route=%2Fwp%2Fv2%2Fcomments&post=17"}],"version-history":[{"count":1,"href":"https:\/\/tablerange.com\/index.php?rest_route=\/wp\/v2\/pages\/17\/revisions"}],"predecessor-version":[{"id":18,"href":"https:\/\/tablerange.com\/index.php?rest_route=\/wp\/v2\/pages\/17\/revisions\/18"}],"wp:attachment":[{"href":"https:\/\/tablerange.com\/index.php?rest_route=%2Fwp%2Fv2%2Fmedia&parent=17"}],"wp:term":[{"taxonomy":"post_tag","embeddable":true,"href":"https:\/\/tablerange.com\/index.php?rest_route=%2Fwp%2Fv2%2Ftags&post=17"}],"curies":[{"name":"wp","href":"https:\/\/api.w.org\/{rel}","templated":true}]}}