{"id":11,"date":"2025-06-20T13:55:44","date_gmt":"2025-06-20T13:55:44","guid":{"rendered":"https:\/\/tablerange.com\/?page_id=11"},"modified":"2025-06-20T13:55:44","modified_gmt":"2025-06-20T13:55:44","slug":"aviso-legal","status":"publish","type":"page","link":"https:\/\/tablerange.com\/?page_id=11","title":{"rendered":"Aviso Legal"},"content":{"rendered":"<p>AVISO LEGAL<\/p>\n<p>En este sitio web, el USUARIO podr\u00e1 conocer todas las condiciones legales que rigen el uso de la p\u00e1gina tablerange.com, orientada al nicho de negocios digitales. Es importante que el usuario lea y comprenda estos t\u00e9rminos antes de continuar navegando.<\/p>\n<p>RESPONSABILIDAD DEL SITIO WEB<\/p>\n<p>Como responsables de esta web, en tablerange.com nos comprometemos a manejar la informaci\u00f3n de nuestros usuarios con transparencia y seguridad, cumpliendo con las normativas europeas y nacionales, como el Reglamento General de Protecci\u00f3n de Datos (RGPD) y la Ley de Servicios de la Sociedad de la Informaci\u00f3n y Comercio Electr\u00f3nico (LSSI-CE).<\/p>\n<p>CONDICIONES GENERALES DE USO<\/p>\n<p>El acceso y navegaci\u00f3n por tablerange.com implica la aceptaci\u00f3n de estas Condiciones Generales de Uso. El usuario se compromete a hacer un uso adecuado de los contenidos y servicios ofrecidos en esta web, evitando cualquier acci\u00f3n que pueda da\u00f1ar, inutilizar o sobrecargar el portal o que impida su normal funcionamiento.<\/p>\n<p>PROTECCI\u00d3N DE DATOS Y SEGURIDAD<\/p>\n<p>Los datos personales que los usuarios proporcionen ser\u00e1n tratados de manera confidencial y almacenados en bases de datos protegidas. Se aplican medidas de seguridad tanto t\u00e9cnicas como organizativas. tablerange.com utiliza protocolos seguros de transmisi\u00f3n de datos (HTTPS).<\/p>\n<p>PROPIEDAD INTELECTUAL E INDUSTRIAL<\/p>\n<p>Todos los contenidos de este sitio web, incluyendo textos, im\u00e1genes, software, y dise\u00f1o gr\u00e1fico, est\u00e1n protegidos por derechos de autor y propiedad industrial. Est\u00e1 prohibida su reproducci\u00f3n, distribuci\u00f3n o modificaci\u00f3n sin la debida autorizaci\u00f3n.<\/p>\n<p>ENLACES A TERCEROS<\/p>\n<p>tablerange.com puede incluir enlaces a sitios de terceros para complementar la informaci\u00f3n o servicios ofrecidos. No nos responsabilizamos del contenido, pol\u00edticas o pr\u00e1cticas de privacidad de estos sitios.<\/p>\n<p>COMENTARIOS Y PARTICIPACI\u00d3N DE USUARIOS<\/p>\n<p>Se permite la publicaci\u00f3n de comentarios siempre que se mantenga un tono respetuoso y relacionado con la tem\u00e1tica del sitio. No se aceptan comentarios ofensivos, publicitarios, spam, ni que vulneren derechos personales o legales.<\/p>\n<p>LIMITACI\u00d3N DE RESPONSABILIDAD<\/p>\n<p>tablerange.com no garantiza la disponibilidad continua del sitio ni se responsabiliza por posibles da\u00f1os causados por virus, interrupciones en el servicio o acciones de terceros.<\/p>\n<p>LEGISLACI\u00d3N Y JURISDICCI\u00d3N<\/p>\n<p>Este aviso legal se rige por la legislaci\u00f3n espa\u00f1ola, y cualquier controversia se someter\u00e1 a los Juzgados y Tribunales de Espa\u00f1a.<\/p>\n<p>CONTACTO<\/p>\n<p>Para cualquier consulta sobre este Aviso Legal, puedes escribirnos a contacto@tablerange.com. Desde el equipo de tablerange.com, agradecemos tu visita y tu confianza.<\/p>\n","protected":false},"excerpt":{"rendered":"<p>AVISO LEGAL En este sitio web, el USUARIO podr\u00e1 conocer todas las condiciones legales que rigen el uso de la p\u00e1gina tablerange.com, orientada al nicho<\/p>\n","protected":false},"author":1,"featured_media":0,"parent":0,"menu_order":0,"comment_status":"closed","ping_status":"closed","template":"","meta":{"footnotes":""},"tags":[],"class_list":["post-11","page","type-page","status-publish","hentry"],"_links":{"self":[{"href":"https:\/\/tablerange.com\/index.php?rest_route=\/wp\/v2\/pages\/11","targetHints":{"allow":["GET"]}}],"collection":[{"href":"https:\/\/tablerange.com\/index.php?rest_route=\/wp\/v2\/pages"}],"about":[{"href":"https:\/\/tablerange.com\/index.php?rest_route=\/wp\/v2\/types\/page"}],"author":[{"embeddable":true,"href":"https:\/\/tablerange.com\/index.php?rest_route=\/wp\/v2\/users\/1"}],"replies":[{"embeddable":true,"href":"https:\/\/tablerange.com\/index.php?rest_route=%2Fwp%2Fv2%2Fcomments&post=11"}],"version-history":[{"count":1,"href":"https:\/\/tablerange.com\/index.php?rest_route=\/wp\/v2\/pages\/11\/revisions"}],"predecessor-version":[{"id":12,"href":"https:\/\/tablerange.com\/index.php?rest_route=\/wp\/v2\/pages\/11\/revisions\/12"}],"wp:attachment":[{"href":"https:\/\/tablerange.com\/index.php?rest_route=%2Fwp%2Fv2%2Fmedia&parent=11"}],"wp:term":[{"taxonomy":"post_tag","embeddable":true,"href":"https:\/\/tablerange.com\/index.php?rest_route=%2Fwp%2Fv2%2Ftags&post=11"}],"curies":[{"name":"wp","href":"https:\/\/api.w.org\/{rel}","templated":true}]}}